{"id":43,"date":"2016-09-09T08:57:38","date_gmt":"2016-09-09T07:57:38","guid":{"rendered":"http:\/\/maisondethel.fr\/?page_id=43"},"modified":"2024-05-03T13:22:33","modified_gmt":"2024-05-03T12:22:33","slug":"contact","status":"publish","type":"page","link":"http:\/\/maisondethel.fr\/index.php\/contact\/","title":{"rendered":"Contact"},"content":{"rendered":"<p><span style=\"text-decoration: underline;\"><strong>Coordonn\u00e9es:<\/strong><\/span><\/p>\n<p>48 rue du Professeur Deperet<\/p>\n<p>69160 Tassin La Demi-Lune<\/p>\n<p>T\u00e9l : 04 78 34 16 08<\/p>\n<p>Fax : 04 78 34 72 61<\/p>\n<p>Courriel :\u00a0 accueil@dethel.fr<\/p>\n<p><span style=\"text-decoration: underline;\"><strong>Acc\u00e8s en bus TCL:<br \/>\n<\/strong><\/span><\/p>\n<p>Lignes 5\u00a0 et 72 : Arr\u00eat Tassin -Deperet<\/p>\n<p>Lignes 73 et C24: Arr\u00eat Rond Point d&rsquo;Ala\u00ef<\/p>\n<p>Plus d&rsquo;informations sur : <a href=\"http:\/\/www.tcl.fr\/Me-deplacer\/Itineraires\">http:\/\/www.tcl.fr\/Me-deplacer\/Itineraires<\/a><\/p>\n<p><span style=\"text-decoration: underline; color: #008000;\"><strong>Plan d&rsquo;acc\u00e8s:<\/strong><\/span><\/p>\n<p><a href=\"https:\/\/www.google.fr\/maps\/place\/48+Chemin+du+Professeur+Deperet,+69160+Tassin-la-Demi-Lune\/@45.7548132,4.7608355,17z\/data=!4m5!3m4!1s0x47f4ec427ccbd985:0xeb0493b429c37800!8m2!3d45.7548095!4d4.7630242\" target=\"_blank\" rel=\"noopener noreferrer\">Si la carte ne s&rsquo;affiche pas, cliquer <span style=\"text-decoration: underline; color: #3366ff;\">ici<\/span><\/a><\/p>\n\r\n<div class=\"huge_it_google_map_container\">\r\n    <div id=\"huge_it_google_map_3634\" data-map_id=\"1\"\r\n         class=\"huge_it_google_map\" style=\"\r\n    position:relative !important;\r\n    height:500px;\r\n    width:100%;\r\n    border-radius:0px;\r\n    float:left;margin:0px !important;\"\r\n         data-name=\"https:\/\/www.google.fr\/maps\/place\/Maison+de+Retraite+Dethel\/@45.754602,4.7618963,17z\/data=!4m12!1m6!3m5!1s0x47f4ec7ce204b1a9:0x7939aa12cd3b09f!2sMaison+de+Retraite+Dethel!8m2!3d45.754602!4d4.764085!3m4!1s0x47f4ec7ce204b1a9:0x7939aa12cd3b09f!8m2!3d45.754602!4d4.764085\"\r\n         data-type=\"ROADMAP\"\r\n         data-zoom=\"0\"\r\n         data-min-zoom=\"0\"\r\n         data-max-zoom=\"22\"\r\n         data-border-radius=\"0\"\r\n         data-center-lat=\"40.7127837\"\r\n         data-center-lng=\"-74.0059413\"\r\n         data-pan-controller=\"1\"\r\n         data-zoom-controller=\"1\"\r\n         data-type-controller=\"1\"\r\n         data-scale-controller=\"1\"\r\n         data-street-view-controller=\"1\"\r\n         data-overview-map-controller=\"1\"\r\n         data-width=\"100\"\r\n         data-height=\"500\"\r\n         data-align=\"left\"\r\n         data-info-type=\"click\"\r\n         data-animation=\"none\"\r\n         data-language=\"location based\"\r\n         data-draggable=\"0\"\r\n         data-wheel-scroll=\"1\"\r\n         data-traffic-layer=\"0\"\r\n         data-bike-layer=\"0\"\r\n         data-transit-layer=\"0\"\r\n         data-styling-hue=\"\"\r\n         data-styling-lightness=\"0\"\r\n         data-styling-gamma=\"1\"\r\n         data-styling-saturation=\"0\"><\/div>\r\n<\/div>\r\n\n","protected":false},"excerpt":{"rendered":"<p>Coordonn\u00e9es: 48 rue du Professeur Deperet 69160 Tassin La Demi-Lune T\u00e9l : 04 78 34 16 08 Fax : 04 78 34 72 61 Courriel :\u00a0 accueil@dethel.fr Acc\u00e8s en bus TCL: Lignes 5\u00a0 et 72 : Arr\u00eat Tassin -Deperet Lignes 73 et C24: Arr\u00eat Rond Point d&rsquo;Ala\u00ef Plus d&rsquo;informations sur &#8230;<\/p>\n","protected":false},"author":1,"featured_media":0,"parent":0,"menu_order":5,"comment_status":"closed","ping_status":"closed","template":"","meta":[],"_links":{"self":[{"href":"http:\/\/maisondethel.fr\/index.php\/wp-json\/wp\/v2\/pages\/43"}],"collection":[{"href":"http:\/\/maisondethel.fr\/index.php\/wp-json\/wp\/v2\/pages"}],"about":[{"href":"http:\/\/maisondethel.fr\/index.php\/wp-json\/wp\/v2\/types\/page"}],"author":[{"embeddable":true,"href":"http:\/\/maisondethel.fr\/index.php\/wp-json\/wp\/v2\/users\/1"}],"replies":[{"embeddable":true,"href":"http:\/\/maisondethel.fr\/index.php\/wp-json\/wp\/v2\/comments?post=43"}],"version-history":[{"count":69,"href":"http:\/\/maisondethel.fr\/index.php\/wp-json\/wp\/v2\/pages\/43\/revisions"}],"predecessor-version":[{"id":6101,"href":"http:\/\/maisondethel.fr\/index.php\/wp-json\/wp\/v2\/pages\/43\/revisions\/6101"}],"wp:attachment":[{"href":"http:\/\/maisondethel.fr\/index.php\/wp-json\/wp\/v2\/media?parent=43"}],"curies":[{"name":"wp","href":"https:\/\/api.w.org\/{rel}","templated":true}]}}