{"id":646,"date":"2016-09-27T14:41:01","date_gmt":"2016-09-27T13:41:01","guid":{"rendered":"http:\/\/maisondethel.fr\/?page_id=646"},"modified":"2025-10-24T10:26:05","modified_gmt":"2025-10-24T09:26:05","slug":"les-prestataires-exterieurs","status":"publish","type":"page","link":"http:\/\/maisondethel.fr\/index.php\/maison-dethel\/les-prestataires-exterieurs\/","title":{"rendered":"Les prestataires ext\u00e9rieurs"},"content":{"rendered":"<p>La maison dispose de partenariats avec des prestataires ext\u00e9rieurs.<\/p>\n<p><strong>Restauration<\/strong>\u00a0: notre prestataire met \u00e0 disposition de l\u2019EHPAD un chef cuisinier et son \u00e9quipe qui pr\u00e9parent sur place les repas dans le respect des normes HACCP et suivant un cahier des charges pr\u00e9cis\u00a0: minimum 50 % de produits frais, pr\u00e9f\u00e9rence donn\u00e9e aux fournisseurs locaux (circuits courts), respect de la saisonnalit\u00e9, respect des r\u00e9gimes sur prescription m\u00e9dicale.<\/p>\n<p><strong>Blanchissage<\/strong> : la literie et le linge de toilette sont fournis et entretenus par un partenaire sp\u00e9cialis\u00e9. Le linge personnel des r\u00e9sidents peut \u00eatre entretenu par la famille ou confi\u00e9 gratuitement (pour les r\u00e9sidents admis \u00e0 compter du 1er janvier 2023) \u00e0 un blanchisseur ext\u00e9rieur par nos soins.<\/p>\n<p><strong>Entretien des locaux<\/strong>\u00a0: les chambres et les circulations sont entretenus quotidiennement par une soci\u00e9t\u00e9 de nettoyage dans le respect des normes de nettoyage en vigueur dans les \u00e9tablissements m\u00e9dico-sociaux.<\/p>\n<p><strong>Autres services<\/strong>\u00a0: les r\u00e9sidents ou les familles ont possibilit\u00e9 de prendre des rendez-vous pour une manucure, esth\u00e9ticienne, p\u00e9dicure, coiffeurs,\u2026<\/p>\n","protected":false},"excerpt":{"rendered":"<p>La maison dispose de partenariats avec des prestataires ext\u00e9rieurs. Restauration\u00a0: notre prestataire met \u00e0 disposition de l\u2019EHPAD un chef cuisinier et son \u00e9quipe qui pr\u00e9parent sur place les repas dans le respect des normes HACCP et suivant un cahier des charges pr\u00e9cis\u00a0: minimum 50 % de produits frais, pr\u00e9f\u00e9rence donn\u00e9e &#8230;<\/p>\n","protected":false},"author":1,"featured_media":0,"parent":14,"menu_order":3,"comment_status":"closed","ping_status":"closed","template":"","meta":[],"_links":{"self":[{"href":"http:\/\/maisondethel.fr\/index.php\/wp-json\/wp\/v2\/pages\/646"}],"collection":[{"href":"http:\/\/maisondethel.fr\/index.php\/wp-json\/wp\/v2\/pages"}],"about":[{"href":"http:\/\/maisondethel.fr\/index.php\/wp-json\/wp\/v2\/types\/page"}],"author":[{"embeddable":true,"href":"http:\/\/maisondethel.fr\/index.php\/wp-json\/wp\/v2\/users\/1"}],"replies":[{"embeddable":true,"href":"http:\/\/maisondethel.fr\/index.php\/wp-json\/wp\/v2\/comments?post=646"}],"version-history":[{"count":6,"href":"http:\/\/maisondethel.fr\/index.php\/wp-json\/wp\/v2\/pages\/646\/revisions"}],"predecessor-version":[{"id":6143,"href":"http:\/\/maisondethel.fr\/index.php\/wp-json\/wp\/v2\/pages\/646\/revisions\/6143"}],"up":[{"embeddable":true,"href":"http:\/\/maisondethel.fr\/index.php\/wp-json\/wp\/v2\/pages\/14"}],"wp:attachment":[{"href":"http:\/\/maisondethel.fr\/index.php\/wp-json\/wp\/v2\/media?parent=646"}],"curies":[{"name":"wp","href":"https:\/\/api.w.org\/{rel}","templated":true}]}}